




{"id":122,"date":"2022-08-08T17:07:29","date_gmt":"2022-08-08T08:07:29","guid":{"rendered":"https:\/\/nissinvn.com.vn\/?page_id=122"},"modified":"2022-08-11T16:32:00","modified_gmt":"2022-08-11T07:32:00","slug":"contact","status":"publish","type":"page","link":"https:\/\/nissinvn.com.vn\/vi\/contact\/","title":{"rendered":"Li\u00ean h\u1ec7"},"content":{"rendered":"<p><\/p>\n<div class=\"contact_boxmain\">\n<div class=\"contacttop\">\n<div class=\"contacttop_list\">\n<dl class=\"active\">\n<dt class=\"\">STEP <span class=\"\">1<\/span><\/dt>\n<dd class=\"\">\u0110i\u1ec1n bi\u1ec3u m\u1eabu<\/dd>\n<\/dl>\n<dl>\n<dt class=\"\">STEP <span class=\"\">2<\/span><\/dt>\n<dd class=\"\">X\u00e1c nh\u1eadn<\/dd>\n<\/dl>\n<dl>\n<dt class=\"\">STEP <span class=\"\">3<\/span><\/dt>\n<dd class=\"\">G\u1eedi<\/dd>\n<\/dl>\n<\/div>\n<p class=\"contact_note\">N\u1ebfu b\u1ea1n c\u00f3 b\u1ea5t k\u1ef3 c\u00e2u h\u1ecfi ho\u1eb7c th\u1eafc m\u1eafc n\u00e0o, xin vui l\u00f2ng \u0111i\u1ec1n v\u00e0o bi\u1ec3u m\u1eabu b\u00ean d\u01b0\u1edbi.[ <span class=\"icon_must\">*<\/span> ]B\u1eaft bu\u1ed9c nh\u1eadp<\/p>\n<\/div>\n<div class=\"contact_form\">\n<div role=\"form\" class=\"wpcf7\" id=\"wpcf7-f229-o3\" lang=\"en-US\" dir=\"ltr\">\n<div class=\"screen-reader-response\"><p role=\"status\" aria-live=\"polite\" aria-atomic=\"true\"><\/p> <ul><\/ul><\/div>\n<form action=\"\/vi\/wp-json\/wp\/v2\/pages\/122#wpcf7-f229-o3\" method=\"post\" class=\"wpcf7-form init\" novalidate=\"novalidate\" data-status=\"init\">\n<div style=\"display: none;\">\n<input type=\"hidden\" name=\"_wpcf7\" value=\"229\" \/>\n<input type=\"hidden\" name=\"_wpcf7_version\" value=\"5.6.2\" \/>\n<input type=\"hidden\" name=\"_wpcf7_locale\" value=\"en_US\" \/>\n<input type=\"hidden\" name=\"_wpcf7_unit_tag\" value=\"wpcf7-f229-o3\" \/>\n<input type=\"hidden\" name=\"_wpcf7_container_post\" value=\"0\" \/>\n<input type=\"hidden\" name=\"_wpcf7_posted_data_hash\" value=\"\" \/>\n<\/div>\n<dl>\n<dt><span class=\"icon_must\">*<\/span>T\u00ean<\/dt>\n<dd><span class=\"wpcf7-form-control-wrap\" data-name=\"your-name\"><input type=\"text\" name=\"your-name\" value=\"\" size=\"40\" class=\"wpcf7-form-control wpcf7-text wpcf7-validates-as-required contact_txt01\" aria-required=\"true\" aria-invalid=\"false\" \/><\/span><\/dd>\n<\/dl>\n<dl>\n<dt>T\u00ean c\u00f4ng ty<\/dt>\n<dd><span class=\"wpcf7-form-control-wrap\" data-name=\"your-company\"><input type=\"text\" name=\"your-company\" value=\"\" size=\"40\" class=\"wpcf7-form-control wpcf7-text contact_txt01\" aria-invalid=\"false\" \/><\/span><\/dd>\n<\/dl>\n<dl>\n<dt><span class=\"icon_must\">*<\/span>E-mail<\/dt>\n<dd><span class=\"wpcf7-form-control-wrap\" data-name=\"your-email\"><input type=\"email\" name=\"your-email\" value=\"\" size=\"40\" class=\"wpcf7-form-control wpcf7-text wpcf7-email wpcf7-validates-as-required wpcf7-validates-as-email contact_txt01\" aria-required=\"true\" aria-invalid=\"false\" \/><\/span><\/dd>\n<\/dl>\n<dl>\n<dt>\u0110i\u1ec7n tho\u1ea1i<\/dt>\n<dd><span class=\"wpcf7-form-control-wrap\" data-name=\"your-tel\"><input type=\"tel\" name=\"your-tel\" value=\"\" size=\"40\" class=\"wpcf7-form-control wpcf7-text wpcf7-tel wpcf7-validates-as-tel contact_txt01\" aria-invalid=\"false\" \/><\/span><\/dd>\n<\/dl>\n<dl class=\"contact_boxspec\">\n<dt><span class=\"icon_must\">*<\/span>N\u1ed9i dung y\u00eau c\u1ea7u<\/dt>\n<dd>\n<span class=\"wpcf7-form-control-wrap\" data-name=\"inquiry\"><textarea name=\"inquiry\" cols=\"40\" rows=\"10\" class=\"wpcf7-form-control wpcf7-textarea wpcf7-validates-as-required contact_txt02\" aria-required=\"true\" aria-invalid=\"false\"><\/textarea><\/span>\n<\/dd>\n<\/dl>\n<dl>\n<dt><\/dt>\n<dd>\n<p class=\"privacy_txt\"><span class=\"wpcf7-form-control-wrap\" data-name=\"privacy\"><span class=\"wpcf7-form-control wpcf7-checkbox wpcf7-validates-as-required checkboxlink\"><span class=\"wpcf7-list-item first last\"><input type=\"checkbox\" name=\"privacy[]\" value=\"privacy\" \/><span class=\"wpcf7-list-item-label\">privacy<\/span><\/span><\/span><\/span>T\u00f4i \u0111\u00e3 \u0111\u1ecdc v\u00e0 ch\u1eadp nh\u1eadn <a href=\"..\/privacypolicy\/\" target=\"_blank\">ch\u00ednh s\u00e1ch b\u1ea3o m\u1eadt<\/a><\/p>\n<\/dd>\n<\/dl>\n<div class=\"contact_listbtn\">\n<p class=\"contact_btn button\"><input type=\"submit\" value=\"X\u00e1c Nh\u1eadn\" class=\"wpcf7-form-control has-spinner wpcf7-submit\" \/><\/p>\n\n<!-- CF7MSM -->\n<div style='display:none;'><input type=\"hidden\" name=\"_cf7msm_multistep_tag\" value=\"{&quot;first_step&quot;:1,&quot;next_url&quot;:&quot;https:\/\/nissinvn.com.vn\/vi\/contact\/confirm\/&quot;}\" class=\"wpcf7-form-control cf7msm-multistep wpcf7-multistep\" \/><input type=\"hidden\" name=\"cf7msm-no-ss\" value=\"\" \/>\n<\/div>\n<!-- End CF7MSM -->\n<\/div>\n<div class=\"wpcf7-response-output\" aria-hidden=\"true\"><\/div><\/form><\/div>\n<\/div>\n<\/div>\n<p><\/p>","protected":false},"excerpt":{"rendered":"<p>STEP 1 \u0110i\u1ec1n bi\u1ec3u m\u1eabu STEP 2 X\u00e1c nh\u1eadn STEP 3 G\u1eedi N\u1ebfu b\u1ea1n c\u00f3 b\u1ea5t k\u1ef3 c\u00e2u h\u1ecfi ho\u1eb7c th\u1eafc m\u1eafc n\u00e0o, xin vui l\u00f2ng \u0111i\u1ec1n v\u00e0o bi\u1ec3u m\u1eabu b\u00ean d\u01b0\u1edbi.[ * ]B\u1eaft bu\u1ed9c nh\u1eadp<\/p>\n","protected":false},"author":1,"featured_media":0,"parent":0,"menu_order":0,"comment_status":"closed","ping_status":"closed","template":"","meta":{"footnotes":""},"_links":{"self":[{"href":"https:\/\/nissinvn.com.vn\/vi\/wp-json\/wp\/v2\/pages\/122"}],"collection":[{"href":"https:\/\/nissinvn.com.vn\/vi\/wp-json\/wp\/v2\/pages"}],"about":[{"href":"https:\/\/nissinvn.com.vn\/vi\/wp-json\/wp\/v2\/types\/page"}],"author":[{"embeddable":true,"href":"https:\/\/nissinvn.com.vn\/vi\/wp-json\/wp\/v2\/users\/1"}],"replies":[{"embeddable":true,"href":"https:\/\/nissinvn.com.vn\/vi\/wp-json\/wp\/v2\/comments?post=122"}],"version-history":[{"count":8,"href":"https:\/\/nissinvn.com.vn\/vi\/wp-json\/wp\/v2\/pages\/122\/revisions"}],"predecessor-version":[{"id":231,"href":"https:\/\/nissinvn.com.vn\/vi\/wp-json\/wp\/v2\/pages\/122\/revisions\/231"}],"wp:attachment":[{"href":"https:\/\/nissinvn.com.vn\/vi\/wp-json\/wp\/v2\/media?parent=122"}],"curies":[{"name":"wp","href":"https:\/\/api.w.org\/{rel}","templated":true}]}}