




{"id":14,"date":"2022-08-04T13:26:41","date_gmt":"2022-08-04T04:26:41","guid":{"rendered":"https:\/\/nissinvn.com.vn\/?page_id=14"},"modified":"2022-08-26T19:06:02","modified_gmt":"2022-08-26T10:06:02","slug":"aboutus","status":"publish","type":"page","link":"https:\/\/nissinvn.com.vn\/vi\/aboutus\/","title":{"rendered":"Gi\u1edbi thi\u1ec7u"},"content":{"rendered":"<p><\/p>\n<div class=\"aboutus_company\">\n<table class=\"aboutus_tb01\">\n<tbody>\n<tr>\n<th>T\u00ean c\u00f4ng ty<\/th>\n<td>NISSIN LOGISTICS (VN) CO.,LTD.<\/td>\n<\/tr>\n<tr>\n<th>\u0110\u1ecba ch\u1ec9<\/th>\n<td>Ph\u00f2ng 101, T\u00f2a nh\u00e0 Ocean Park, S\u1ed1 1 \u0110\u00e0o Duy Anh, Ph\u01b0\u1eddng Ph\u01b0\u01a1ng Mai, Qu\u1eadn \u0110\u1ed1ng \u0110a, TP.H\u00e0 N\u1ed9i, Vi\u1ec7t Nam<\/td>\n<\/tr>\n<tr>\n<th>\u0110i\u1ec7n tho\u1ea1i<\/th>\n<td>+84-24-35771462<\/td>\n<\/tr>\n<tr>\n<th>FAX<\/th>\n<td>+84-24-35771461<\/td>\n<\/tr>\n<tr>\n<th>Ng\u00e0y th\u00e0nh l\u1eadp<\/th>\n<td>3\/30\/2006<\/td>\n<\/tr>\n<tr>\n<th>C\u1ed5 \u0111\u00f4ng<\/th>\n<td>Nissin Corporation and Vinatrans<\/td>\n<\/tr>\n<tr>\n<th>Chi Nh\u00e1nh, <br class=\"box_pc\">V\u0103n Ph\u00f2ng \u0110\u1ea1i Di\u1ec7n<\/th>\n<td>\n<div class=\"under_list\">\n<ul class=\"list01\">\n<li class=\"\">V\u0103n ph\u00f2ng ch\u00ednh H\u00e0 N\u1ed9i<\/li>\n<li class=\"\">V\u0103n ph\u00f2ng chi nh\u00e1nh H\u1ed3 Ch\u00ed Minh<\/li>\n<li class=\"\">V\u0103n ph\u00f2ng \u0110\u00e0 N\u1eb5ng<\/li>\n<li class=\"\">V\u0103n ph\u00f2ng H\u1ea3i Ph\u00f2ng<\/li>\n<li class=\"\">V\u0103n ph\u00f2ng Qu\u1ebf V\u00f5<\/li>\n<\/ul>\n<ul class=\"list01\">\n<li class=\"\">V\u0103n ph\u00f2ng N\u1ed9i B\u00e0i<\/li>\n<li class=\"\">V\u0103n Ph\u00f2ng Amata \u0110\u1ed3ng Nai<\/li>\n<li class=\"\">V\u0103n Ph\u00f2ng Kho ICD Ti\u00ean S\u01a1n<\/li>\n<li class=\"\">V\u0103n Ph\u00f2ng Kho ICD Long \u0110\u1ee9c<\/li>\n<li class=\"\">V\u0103n Ph\u00f2ng Kho ICD S\u00f3ng Th\u1ea7n<\/li>\n<\/ul>\n<\/div>\n<\/td>\n<\/tr>\n<tr>\n<th>L\u0129nh V\u1ef1c Kinh Doanh<\/th>\n<td>\n<div class=\"under_list\">\n<ul class=\"list01\">\n<li class=\"\">D\u1ecbch v\u1ee5 Logistics<\/li>\n<li class=\"\">D\u1ecbch v\u1ee5 th\u1ee7 t\u1ee5c h\u1ea3i quan<\/li>\n<li class=\"\">V\u1eadn chuy\u1ec3n \u0111\u01b0\u1eddng kh\u00f4ng, \u0111\u01b0\u1eddng bi\u1ec3n<\/li>\n<li class=\"\">L\u00e0m th\u1ee7 t\u1ee5c h\u1ea3i quan<\/li>\n<\/ul>\n<ul class=\"list01\">\n<li class=\"\">L\u1eafp \u0111\u1eb7t m\u00e1y m\u00f3c<\/li>\n<li class=\"\">Kho b\u00e3i<\/li>\n<li class=\"\">V\u1eadn t\u1ea3i \u0111\u1ecba ph\u01b0\u01a1ng<\/li>\n<li class=\"\">Giao th\u00f4ng v\u1eadn t\u1ea3i qu\u1ed1c t\u1ebf<\/li>\n<\/ul>\n<\/div>\n<ul class=\"list01\">\n<li class=\"\">Nh\u00e0 m\u00e1y &#038; D\u1ecbch v\u1ee5 L\u1eafp \u0111\u1eb7t &#038; V\u1eadn chuy\u1ec3n H\u00e0ng h\u00f3a N\u1eb7ng<\/li>\n<li class=\"\">D\u1ecbch v\u1ee5 chuy\u1ec3n nh\u00e0<\/li>\n<li class=\"\">D\u1ecbch v\u1ee5 gi\u00e1m s\u00e1t &#038; t\u01b0 v\u1ea5n v\u1eadn t\u1ea3i<\/li>\n<li class=\"\">C\u00e1c d\u1ecbch v\u1ee5 li\u00ean quan kh\u00e1c<\/li>\n<\/ul>\n<\/td>\n<\/tr>\n<\/tbody>\n<\/table>\n<div class=\"under_map\">\n<div class=\"map_box\">\n<ul class=\"list01\">\n<li class=\"\">V\u0103n ph\u00f2ng ch\u00ednh H\u00e0 N\u1ed9i<\/li>\n<\/ul>\n<p class=\"\">\n<iframe src=\"https:\/\/www.google.com\/maps\/embed?pb=!1m18!1m12!1m3!1d14898.557508569624!2d105.82339838745644!3d21.00708806501447!2m3!1f0!2f0!3f0!3m2!1i1024!2i768!4f13.1!3m3!1m2!1s0x3135ac7818f13cb3%3A0x91fda0d22d1680d8!2zT2NlYW4gUGFyayBCdWlsZGluZywgMSDEkMOgbyBEdXkgQW5oLCBQaMawxqFuZyBNYWksIMSQ4buRbmcgxJBhLCBIw6AgTuG7mWksIFZpZXRuYW0!5e0!3m2!1sen!2s!4v1658373643369!5m2!1sen!2s\" width=\"600\" height=\"450\" style=\"border:0;\" allowfullscreen=\"\" loading=\"lazy\" referrerpolicy=\"no-referrer-when-downgrade\"><\/iframe>\n<\/p>\n<\/div>\n<div class=\"map_box\">\n<ul class=\"list01\">\n<li class=\"\">V\u0103n ph\u00f2ng chi nh\u00e1nh H\u1ed3 Ch\u00ed Minh<\/li>\n<\/ul>\n<p class=\"\">\n<iframe src=\"https:\/\/www.google.com\/maps\/embed?pb=!1m18!1m12!1m3!1d3919.033091429193!2d106.65997079125576!3d10.808777437015568!2m3!1f0!2f0!3f0!3m2!1i1024!2i768!4f13.1!3m3!1m2!1s0x31752923351e11d5%3A0x3d0ba035754ce744!2sC%C3%B4ng%20Ty%20Tnhh%20Nissin%20Logistics%20(Vn)%20-%20Cn!5e0!3m2!1sen!2s!4v1659585228544!5m2!1sen!2s\" width=\"600\" height=\"450\" style=\"border:0;\" allowfullscreen=\"\" loading=\"lazy\" referrerpolicy=\"no-referrer-when-downgrade\"><\/iframe>\n<\/p>\n<\/div>\n<\/div>\n<\/div>\n<div class=\"aboutus_slogan\">\n<h2>\u00dd ngh\u0129a c\u1ee7a slogan<\/h2>\n<div class=\"aboutus_frame\">\n<p class=\"\">V\u01b0\u01a1n ra Th\u1ebf gi\u1edbi <br \/>Ti\u00ean phong trong l\u0129nh v\u1ef1c logistic \u0111a ph\u01b0\u01a1ng th\u1ee9c to\u00e0n c\u1ea7u<\/p>\n<\/div>\n<p class=\"aboutus_txt01\">Nissin Logistics (Nissin Vi\u1ec7t Nam) cam k\u1ebft <br \/>s\u1ebd m\u1edf r\u1ed9ng ho\u1ea1t \u0111\u1ed9ng ra n\u01b0\u1edbc ngo\u00e0i v\u00e0 <br \/>\u00e1p d\u1ee5ng nh\u1eefng ph\u01b0\u01a1ng th\u1ee9c l\u00e0m vi\u1ec7c ti\u00ean ti\u1ebfn nh\u1ea5t \u0111\u1ec3 <br \/>c\u00f3 th\u1ec3 \u0111\u00e1p \u1ee9ng c\u00e1c nhu c\u1ea7u kinh doanh kh\u00e1c nhau v\u00e0 <br \/>th\u1ef1c s\u1ef1 tr\u1edf th\u00e0nh Nh\u00e0 cung c\u1ea5p d\u1ecbch v\u1ee5 logistics To\u00e0n c\u1ea7u.<\/p>\n<\/div>\n<div class=\"section clearfix\">\n<div class=\"aboutus_branch\">\n<p class=\"aboutus_img\"><span class=\"box_pc\"><img decoding=\"async\" src=\"https:\/\/nissinvn.com.vn\/wp-content\/themes\/nissin-logistics\/images\/aboutus_img01.jpg\" alt=\"Branches in Vietnam\"><\/span> <span class=\"box_sp\"><img decoding=\"async\" src=\"https:\/\/nissinvn.com.vn\/wp-content\/themes\/nissin-logistics\/images\/aboutus_img01_sp.jpg\" alt=\"Branches in Vietnam\"><\/span><\/p>\n<div class=\"aboutus_box\">\n<div class=\"aboutus_boxdetail aboutus_boxdetail_ttl\">\n<h2>Chi nh\u00e1nh <br \/>t\u1ea1i <br \/>Vi\u1ec7t Nam<\/h2>\n<\/div>\n<div class=\"aboutus_boxdetail\">\n<p class=\"aboutus_box_ttl\">V\u0103n ph\u00f2ng ch\u00ednh H\u00e0 N\u1ed9i<\/p>\n<ul class=\"aboutus_info\">\n<li class=\"aboutus_address\">Ph\u00f2ng 101, Ocean Park Build, S\u1ed1 1 \u0110\u00e0o Duy Anh, Qu\u1eadn \u0110\u1ed1ng \u0110a, H\u00e0 N\u1ed9i<\/li>\n<li class=\"aboutus_tel\">+84-24-357-714-62<\/li>\n<li class=\"aboutus_fax\">+84-24-357-714-61<\/li>\n<\/ul>\n<\/div>\n<div class=\"aboutus_boxdetail\">\n<p class=\"aboutus_box_ttl\">VP chi nh\u00e1nh H\u1ed3 Ch\u00ed Minh<\/p>\n<ul class=\"aboutus_info\">\n<li class=\"aboutus_address\">L\u1ea7u 4, 39B Tr\u01b0\u1eddng S\u01a1n, Qu\u1eadn T\u00e2n B\u00ecnh, Th\u00e0nh Ph\u1ed1 H\u1ed3 Ch\u00ed Minh, Vi\u1ec7t Nam<\/li>\n<li class=\"aboutus_tel\">+84-28-3848-7228<\/li>\n<li class=\"aboutus_fax\">+84-28-3848-7306<\/li>\n<\/ul>\n<\/div>\n<div class=\"aboutus_boxdetail\">\n<p class=\"aboutus_box_ttl\">V\u0103n ph\u00f2ng \u0110\u00e0 N\u1eb5ng<\/p>\n<ul class=\"aboutus_info\">\n<li class=\"aboutus_address\">L\u1ea7u 2, s\u1ed1 282 Nguy\u1ec5n Tri Ph\u01b0\u01a1ng, qu\u1eadn Th\u00e0nh Kh\u00ea, Th\u00e0nh Ph\u1ed1 \u0110\u00e0 N\u1eb5ng<\/li>\n<li class=\"aboutus_tel\">+84-236-365-1188<\/li>\n<li class=\"aboutus_fax\">+84-236-365-1199<\/li>\n<\/ul>\n<\/div>\n<div class=\"aboutus_boxdetail\">\n<p class=\"aboutus_box_ttl\">V\u0103n ph\u00f2ng H\u1ea3i Ph\u00f2ng<\/p>\n<ul class=\"aboutus_info\">\n<li class=\"aboutus_address\">L\u1ea7u 2, Ph\u00f2ng 230 &#8211; Th\u00e0nh \u0110\u1ea1t 1 Build, S\u1ed1 3 L\u00ea Th\u00e1nh T\u00f4ng, Ph\u01b0\u1eddng M\u00e2y T\u01a1, Qu\u1eadn Ng\u00f4 Quy\u1ec1n, H\u1ea3i Ph\u00f2ng, Vi\u1ec7t Nam<\/li>\n<li class=\"aboutus_tel\">+84-24-357-714-62<\/li>\n<\/ul>\n<\/div>\n<div class=\"aboutus_boxdetail\">\n<p class=\"aboutus_box_ttl\">V\u0103n ph\u00f2ng Qu\u1ebf V\u00f5<\/p>\n<ul class=\"aboutus_info\">\n<li class=\"aboutus_address\">Khu C\u00f4ng Nghi\u1ec7p Qu\u1ebf V\u00f5, Khu Ph\u1ed1 Qu\u1ebf V\u00f5, T\u1ec9nh B\u1eafc Ninh, Vi\u1ec7t Nam<\/li>\n<\/ul>\n<\/div>\n<div class=\"aboutus_boxdetail\">\n<p class=\"aboutus_box_ttl\">V\u0103n ph\u00f2ng N\u1ed9i B\u00e0i<\/p>\n<ul class=\"aboutus_info\">\n<li class=\"aboutus_address\">Ph\u00f2ng 232 , ACSV Building , S\u00e2n Bay Qu\u1ed1c T\u1ebf N\u1ed9i B\u00e0i, S\u00f3c S\u01a1n, H\u00e0 N\u1ed9i, Vi\u1ec7t Nam<\/li>\n<\/ul>\n<\/div>\n<div class=\"aboutus_boxdetail\">\n<p class=\"aboutus_box_ttl\">V\u0103n Ph\u00f2ng Amata \u0110\u1ed3ng Nai<\/p>\n<ul class=\"aboutus_info\">\n<li class=\"aboutus_address\">Ph\u00f2ng 204 &#8211; Amata Service Center &#8211; Amata Commercial Complex, Ph\u01b0\u1eddng Long B\u00ecnh, Th\u00e0nh Ph\u1ed1 Bi\u00ean H\u00f2a, T\u1ec9nh \u0110\u1ed3ng Nai, Vi\u1ec7t Nam<\/li>\n<\/ul>\n<\/div>\n<\/div>\n<\/div>\n<div class=\"branch_icd\">\n<p class=\"about_ttl\">V\u0103n ph\u00f2ng kho b\u00e3i<\/p>\n<div class=\"aboutus_box\">\n<div class=\"aboutus_boxdetail\">\n<p class=\"aboutus_box_ttl\">V\u0103n Ph\u00f2ng Kho ICD Ti\u00ean S\u01a1n<\/p>\n<ul class=\"aboutus_info\">\n<li class=\"aboutus_address\">ICD Ti\u00ean S\u01a1n Center, \u0110\u01b0\u1eddng TS9, Kho B\u1eafc K\u1ef3, Khu C\u00f4ng Nghi\u1ec7p Ti\u00ean S\u01a1n, T\u1ec9nh B\u1eafc, Vi\u1ec7t Nam<\/li>\n<\/ul>\n<\/div>\n<div class=\"aboutus_boxdetail\">\n<p class=\"aboutus_box_ttl\">V\u0103n Ph\u00f2ng Kho ICD Long \u0110\u1ee9c<\/p>\n<ul class=\"aboutus_info\">\n<li class=\"aboutus_address\">N3-3,Khu C\u00f4ng Nghi\u1ec7p Long \u0110\u1ee9c, Ph\u01b0\u1eddng Long \u0110\u1ee9c, Huy\u1ec7n Long Th\u00e0nh, T\u1ec9nh \u0110\u1ed3ng Nai, Vi\u1ec7t Nam<\/li>\n<\/ul>\n<\/div>\n<div class=\"aboutus_boxdetail\">\n<p class=\"aboutus_box_ttl\">V\u0103n Ph\u00f2ng Kho ICD S\u00f3ng Th\u1ea7n<\/p>\n<ul class=\"aboutus_info\">\n<li class=\"aboutus_address\">Nh\u00e0 Kho S\u1ed1 17 &#8211; 7\/20, \u0110\u01b0\u1eddng DT743, Khu Ph\u1ed1 B\u00ecnh \u0110\u1eb7ng, Ph\u01b0\u1eddng B\u00ecnh H\u00f2a,Th\u1ecb x\u00e3 Thu\u1eadn An, T\u1ec9nh B\u00ecnh D\u01b0\u01a1ng, Vi\u1ec7t Nam<\/li>\n<li class=\"aboutus_tel\">+84-274-376-9211 ~ 214<\/li>\n<li class=\"aboutus_fax\">+84-274-376-9215<\/li>\n<\/ul>\n<\/div>\n<\/div>\n<\/div>\n<p class=\"button\">\n<a href=\"https:\/\/nissinvn.com.vn\/vi\/global\/\">\u0110\u1ebfn trang chi nh\u00e1nh n\u01b0\u1edbc ngo\u00e0i<\/a>\n<\/p>\n<\/div>\n<p><\/p>","protected":false},"excerpt":{"rendered":"<p>T\u00ean c\u00f4ng ty NISSIN LOGISTICS (VN) CO.,LTD. \u0110\u1ecba ch\u1ec9 Ph\u00f2ng 101, T\u00f2a nh\u00e0 Ocean Park, S\u1ed1 1 \u0110\u00e0o Duy Anh, Ph\u01b0\u1eddng Ph\u01b0\u01a1ng Mai, Qu\u1eadn \u0110\u1ed1ng \u0110a, TP.H\u00e0 N\u1ed9i, Vi\u1ec7t Nam \u0110i\u1ec7n tho\u1ea1i +84-24-35771462 FAX +84-24-35771461 Ng\u00e0y th\u00e0nh l\u1eadp 3\/30\/2006 C\u1ed5 \u0111\u00f4ng Nissin Corporation and Vinatrans Chi Nh\u00e1nh, V\u0103n Ph\u00f2ng \u0110\u1ea1i Di\u1ec7n V\u0103n ph\u00f2ng ch\u00ednh H\u00e0 [&hellip;]<\/p>\n","protected":false},"author":1,"featured_media":0,"parent":0,"menu_order":0,"comment_status":"closed","ping_status":"closed","template":"","meta":{"footnotes":""},"_links":{"self":[{"href":"https:\/\/nissinvn.com.vn\/vi\/wp-json\/wp\/v2\/pages\/14"}],"collection":[{"href":"https:\/\/nissinvn.com.vn\/vi\/wp-json\/wp\/v2\/pages"}],"about":[{"href":"https:\/\/nissinvn.com.vn\/vi\/wp-json\/wp\/v2\/types\/page"}],"author":[{"embeddable":true,"href":"https:\/\/nissinvn.com.vn\/vi\/wp-json\/wp\/v2\/users\/1"}],"replies":[{"embeddable":true,"href":"https:\/\/nissinvn.com.vn\/vi\/wp-json\/wp\/v2\/comments?post=14"}],"version-history":[{"count":32,"href":"https:\/\/nissinvn.com.vn\/vi\/wp-json\/wp\/v2\/pages\/14\/revisions"}],"predecessor-version":[{"id":305,"href":"https:\/\/nissinvn.com.vn\/vi\/wp-json\/wp\/v2\/pages\/14\/revisions\/305"}],"wp:attachment":[{"href":"https:\/\/nissinvn.com.vn\/vi\/wp-json\/wp\/v2\/media?parent=14"}],"curies":[{"name":"wp","href":"https:\/\/api.w.org\/{rel}","templated":true}]}}