




{"id":85,"date":"2022-08-05T18:55:27","date_gmt":"2022-08-05T09:55:27","guid":{"rendered":"https:\/\/nissinvn.com.vn\/?page_id=85"},"modified":"2022-09-12T13:53:25","modified_gmt":"2022-09-12T04:53:25","slug":"moving-and-exhibition-service","status":"publish","type":"page","link":"https:\/\/nissinvn.com.vn\/vi\/services\/moving-and-exhibition-service\/","title":{"rendered":"D\u1ecbch v\u1ee5 v\u1eadn chuy\u1ec3n h\u00e0ng tri\u1ec3n l\u00e3m v\u00e0 h\u00e0nh l\u00fd c\u00e1 nh\u00e2n"},"content":{"rendered":"","protected":false},"excerpt":{"rendered":"","protected":false},"author":1,"featured_media":88,"parent":40,"menu_order":0,"comment_status":"closed","ping_status":"closed","template":"page-tmpservice.php","meta":{"footnotes":""},"_links":{"self":[{"href":"https:\/\/nissinvn.com.vn\/vi\/wp-json\/wp\/v2\/pages\/85"}],"collection":[{"href":"https:\/\/nissinvn.com.vn\/vi\/wp-json\/wp\/v2\/pages"}],"about":[{"href":"https:\/\/nissinvn.com.vn\/vi\/wp-json\/wp\/v2\/types\/page"}],"author":[{"embeddable":true,"href":"https:\/\/nissinvn.com.vn\/vi\/wp-json\/wp\/v2\/users\/1"}],"replies":[{"embeddable":true,"href":"https:\/\/nissinvn.com.vn\/vi\/wp-json\/wp\/v2\/comments?post=85"}],"version-history":[{"count":20,"href":"https:\/\/nissinvn.com.vn\/vi\/wp-json\/wp\/v2\/pages\/85\/revisions"}],"predecessor-version":[{"id":345,"href":"https:\/\/nissinvn.com.vn\/vi\/wp-json\/wp\/v2\/pages\/85\/revisions\/345"}],"up":[{"embeddable":true,"href":"https:\/\/nissinvn.com.vn\/vi\/wp-json\/wp\/v2\/pages\/40"}],"wp:featuredmedia":[{"embeddable":true,"href":"https:\/\/nissinvn.com.vn\/vi\/wp-json\/wp\/v2\/media\/88"}],"wp:attachment":[{"href":"https:\/\/nissinvn.com.vn\/vi\/wp-json\/wp\/v2\/media?parent=85"}],"curies":[{"name":"wp","href":"https:\/\/api.w.org\/{rel}","templated":true}]}}